{"id":202,"date":"2021-01-11T11:19:26","date_gmt":"2021-01-11T10:19:26","guid":{"rendered":"https:\/\/www.tourisme-tarn.com\/de\/?page_id=202"},"modified":"2021-07-12T12:27:48","modified_gmt":"2021-07-12T10:27:48","slug":"am-wasser-essen","status":"publish","type":"page","link":"https:\/\/www.tourisme-tarn.com\/de\/urlaubsvorbereitung\/wo-essen\/am-wasser-essen\/","title":{"rendered":"am Wasser essen"},"content":{"rendered":"\n<p>Eine Mahlzeit am Wasser! Im Sommer sehnen wir uns nach Frische. Im Winter ist es eine sch\u00f6ne Gelegenheit, die Farben, die Ruhe und die Natur zu genie\u00dfen. Alle Adressen von Restaurants im Tarn, wo Sie beim sanften Pl\u00e4tschern der Wellen speisen k\u00f6nnen.<\/p>\n","protected":false},"excerpt":{"rendered":"<p>Eine Mahlzeit am Wasser! Im Sommer sehnen wir uns nach Frische. Im Winter ist es eine sch\u00f6ne Gelegenheit, die Farben, die Ruhe und die Natur zu genie\u00dfen. Alle Adressen von Restaurants im Tarn, wo Sie beim sanften Pl\u00e4tschern der Wellen speisen k\u00f6nnen.<\/p>\n","protected":false},"author":1,"featured_media":4588,"parent":126,"menu_order":0,"comment_status":"closed","ping_status":"closed","template":"page-templates\/sit.php","meta":{"_relevanssi_hide_post":"","_relevanssi_hide_content":"","_relevanssi_pin_for_all":"","_relevanssi_pin_keywords":"","_relevanssi_unpin_keywords":"","_relevanssi_related_keywords":"","_relevanssi_related_include_ids":"","_relevanssi_related_exclude_ids":"","_relevanssi_related_no_append":"","_relevanssi_related_not_related":"","_relevanssi_related_posts":"238157,156206,4135,15394,16007,2510","_relevanssi_noindex_reason":"","footnotes":""},"tourism-affinity":[],"yoast_head":"<!-- This site is optimized with the Yoast SEO plugin v22.5 - https:\/\/yoast.com\/wordpress\/plugins\/seo\/ -->\n<title>Restaurants am Wasser und am Fluss im Tarn - Tarn Tourisme<\/title>\n<meta name=\"description\" content=\"Eine Mahlzeit am Wasser! Im Sommer sehnen wir uns nach Frische. Im Winter ist es eine sch\u00f6ne Gelegenheit, die Farben, die Ruhe und die Natur zu genie\u00dfen. Alle Adressen von Restaurants im Tarn, wo Sie beim sanften Pl\u00e4tschern der Wellen speisen k\u00f6nnen.\" \/>\n<meta name=\"robots\" content=\"index, follow, max-snippet:-1, max-image-preview:large, max-video-preview:-1\" \/>\n<link rel=\"canonical\" href=\"https:\/\/www.tourisme-tarn.com\/de\/urlaubsvorbereitung\/wo-essen\/am-wasser-essen\/\" \/>\n<meta property=\"og:locale\" content=\"de_DE\" \/>\n<meta property=\"og:type\" content=\"article\" \/>\n<meta property=\"og:title\" content=\"Restaurants am Wasser und am Fluss im Tarn - Tarn Tourisme\" \/>\n<meta property=\"og:description\" content=\"Eine Mahlzeit am Wasser! Im Sommer sehnen wir uns nach Frische. Im Winter ist es eine sch\u00f6ne Gelegenheit, die Farben, die Ruhe und die Natur zu genie\u00dfen. Alle Adressen von Restaurants im Tarn, wo Sie beim sanften Pl\u00e4tschern der Wellen speisen k\u00f6nnen.\" \/>\n<meta property=\"og:url\" content=\"https:\/\/www.tourisme-tarn.com\/de\/urlaubsvorbereitung\/wo-essen\/am-wasser-essen\/\" \/>\n<meta property=\"og:site_name\" content=\"DE : Tarn Tourisme\" \/>\n<meta property=\"article:modified_time\" content=\"2021-07-12T10:27:48+00:00\" \/>\n<meta property=\"og:image\" content=\"https:\/\/www.tourisme-tarn.com\/de\/wp-content\/uploads\/sites\/16\/2016\/09\/Pays_Albigeois2014\u00a9VentDautan-Mediart009.jpg\" \/>\n\t<meta property=\"og:image:width\" content=\"1200\" \/>\n\t<meta property=\"og:image:height\" content=\"600\" \/>\n\t<meta property=\"og:image:type\" content=\"image\/jpeg\" \/>\n<meta name=\"twitter:card\" content=\"summary_large_image\" \/>\n<meta name=\"twitter:label1\" content=\"Gesch\u00e4tzte Lesezeit\" \/>\n\t<meta name=\"twitter:data1\" content=\"1\u00a0Minute\" \/>\n<script type=\"application\/ld+json\" class=\"yoast-schema-graph\">{\"@context\":\"https:\/\/schema.org\",\"@graph\":[{\"@type\":\"WebPage\",\"@id\":\"https:\/\/www.tourisme-tarn.com\/de\/urlaubsvorbereitung\/wo-essen\/am-wasser-essen\/\",\"url\":\"https:\/\/www.tourisme-tarn.com\/de\/urlaubsvorbereitung\/wo-essen\/am-wasser-essen\/\",\"name\":\"Restaurants am Wasser und am Fluss im Tarn - Tarn Tourisme\",\"isPartOf\":{\"@id\":\"https:\/\/www.tourisme-tarn.com\/de\/#website\"},\"primaryImageOfPage\":{\"@id\":\"https:\/\/www.tourisme-tarn.com\/de\/urlaubsvorbereitung\/wo-essen\/am-wasser-essen\/#primaryimage\"},\"image\":{\"@id\":\"https:\/\/www.tourisme-tarn.com\/de\/urlaubsvorbereitung\/wo-essen\/am-wasser-essen\/#primaryimage\"},\"thumbnailUrl\":\"https:\/\/www.tourisme-tarn.com\/de\/wp-content\/uploads\/sites\/16\/2016\/09\/Pays_Albigeois2014\u00a9VentDautan-Mediart009.jpg\",\"datePublished\":\"2021-01-11T10:19:26+00:00\",\"dateModified\":\"2021-07-12T10:27:48+00:00\",\"description\":\"Eine Mahlzeit am Wasser! Im Sommer sehnen wir uns nach Frische. Im Winter ist es eine sch\u00f6ne Gelegenheit, die Farben, die Ruhe und die Natur zu genie\u00dfen. Alle Adressen von Restaurants im Tarn, wo Sie beim sanften Pl\u00e4tschern der Wellen speisen k\u00f6nnen.\",\"breadcrumb\":{\"@id\":\"https:\/\/www.tourisme-tarn.com\/de\/urlaubsvorbereitung\/wo-essen\/am-wasser-essen\/#breadcrumb\"},\"inLanguage\":\"de\",\"potentialAction\":[{\"@type\":\"ReadAction\",\"target\":[\"https:\/\/www.tourisme-tarn.com\/de\/urlaubsvorbereitung\/wo-essen\/am-wasser-essen\/\"]}]},{\"@type\":\"ImageObject\",\"inLanguage\":\"de\",\"@id\":\"https:\/\/www.tourisme-tarn.com\/de\/urlaubsvorbereitung\/wo-essen\/am-wasser-essen\/#primaryimage\",\"url\":\"https:\/\/www.tourisme-tarn.com\/de\/wp-content\/uploads\/sites\/16\/2016\/09\/Pays_Albigeois2014\u00a9VentDautan-Mediart009.jpg\",\"contentUrl\":\"https:\/\/www.tourisme-tarn.com\/de\/wp-content\/uploads\/sites\/16\/2016\/09\/Pays_Albigeois2014\u00a9VentDautan-Mediart009.jpg\",\"width\":1200,\"height\":600,\"caption\":\"manger au bord de l'eau tarn\"},{\"@type\":\"BreadcrumbList\",\"@id\":\"https:\/\/www.tourisme-tarn.com\/de\/urlaubsvorbereitung\/wo-essen\/am-wasser-essen\/#breadcrumb\",\"itemListElement\":[{\"@type\":\"ListItem\",\"position\":1,\"name\":\"Accueil\",\"item\":\"https:\/\/www.tourisme-tarn.com\/de\/\"},{\"@type\":\"ListItem\",\"position\":2,\"name\":\"Urlaubsvorbereitung\",\"item\":\"https:\/\/www.tourisme-tarn.com\/de\/urlaubsvorbereitung\/\"},{\"@type\":\"ListItem\",\"position\":3,\"name\":\"Wo essen ?\",\"item\":\"https:\/\/www.tourisme-tarn.com\/de\/urlaubsvorbereitung\/wo-essen\/\"},{\"@type\":\"ListItem\",\"position\":4,\"name\":\"am Wasser essen\"}]},{\"@type\":\"WebSite\",\"@id\":\"https:\/\/www.tourisme-tarn.com\/de\/#website\",\"url\":\"https:\/\/www.tourisme-tarn.com\/de\/\",\"name\":\"DE : Tarn Tourisme\",\"description\":\"Ideen und Inspirationen f\u00fcr Ihren Urlaub im Tarn\",\"potentialAction\":[{\"@type\":\"SearchAction\",\"target\":{\"@type\":\"EntryPoint\",\"urlTemplate\":\"https:\/\/www.tourisme-tarn.com\/de\/?s={search_term_string}\"},\"query-input\":\"required name=search_term_string\"}],\"inLanguage\":\"de\"}]}<\/script>\n<!-- \/ Yoast SEO plugin. -->","yoast_head_json":{"title":"Restaurants am Wasser und am Fluss im Tarn - Tarn Tourisme","description":"Eine Mahlzeit am Wasser! Im Sommer sehnen wir uns nach Frische. Im Winter ist es eine sch\u00f6ne Gelegenheit, die Farben, die Ruhe und die Natur zu genie\u00dfen. Alle Adressen von Restaurants im Tarn, wo Sie beim sanften Pl\u00e4tschern der Wellen speisen k\u00f6nnen.","robots":{"index":"index","follow":"follow","max-snippet":"max-snippet:-1","max-image-preview":"max-image-preview:large","max-video-preview":"max-video-preview:-1"},"canonical":"https:\/\/www.tourisme-tarn.com\/de\/urlaubsvorbereitung\/wo-essen\/am-wasser-essen\/","og_locale":"de_DE","og_type":"article","og_title":"Restaurants am Wasser und am Fluss im Tarn - Tarn Tourisme","og_description":"Eine Mahlzeit am Wasser! Im Sommer sehnen wir uns nach Frische. Im Winter ist es eine sch\u00f6ne Gelegenheit, die Farben, die Ruhe und die Natur zu genie\u00dfen. Alle Adressen von Restaurants im Tarn, wo Sie beim sanften Pl\u00e4tschern der Wellen speisen k\u00f6nnen.","og_url":"https:\/\/www.tourisme-tarn.com\/de\/urlaubsvorbereitung\/wo-essen\/am-wasser-essen\/","og_site_name":"DE : Tarn Tourisme","article_modified_time":"2021-07-12T10:27:48+00:00","og_image":[{"width":1200,"height":600,"url":"https:\/\/www.tourisme-tarn.com\/de\/wp-content\/uploads\/sites\/16\/2016\/09\/Pays_Albigeois2014\u00a9VentDautan-Mediart009.jpg","type":"image\/jpeg"}],"twitter_card":"summary_large_image","twitter_misc":{"Gesch\u00e4tzte Lesezeit":"1\u00a0Minute"},"schema":{"@context":"https:\/\/schema.org","@graph":[{"@type":"WebPage","@id":"https:\/\/www.tourisme-tarn.com\/de\/urlaubsvorbereitung\/wo-essen\/am-wasser-essen\/","url":"https:\/\/www.tourisme-tarn.com\/de\/urlaubsvorbereitung\/wo-essen\/am-wasser-essen\/","name":"Restaurants am Wasser und am Fluss im Tarn - Tarn Tourisme","isPartOf":{"@id":"https:\/\/www.tourisme-tarn.com\/de\/#website"},"primaryImageOfPage":{"@id":"https:\/\/www.tourisme-tarn.com\/de\/urlaubsvorbereitung\/wo-essen\/am-wasser-essen\/#primaryimage"},"image":{"@id":"https:\/\/www.tourisme-tarn.com\/de\/urlaubsvorbereitung\/wo-essen\/am-wasser-essen\/#primaryimage"},"thumbnailUrl":"https:\/\/www.tourisme-tarn.com\/de\/wp-content\/uploads\/sites\/16\/2016\/09\/Pays_Albigeois2014\u00a9VentDautan-Mediart009.jpg","datePublished":"2021-01-11T10:19:26+00:00","dateModified":"2021-07-12T10:27:48+00:00","description":"Eine Mahlzeit am Wasser! Im Sommer sehnen wir uns nach Frische. Im Winter ist es eine sch\u00f6ne Gelegenheit, die Farben, die Ruhe und die Natur zu genie\u00dfen. Alle Adressen von Restaurants im Tarn, wo Sie beim sanften Pl\u00e4tschern der Wellen speisen k\u00f6nnen.","breadcrumb":{"@id":"https:\/\/www.tourisme-tarn.com\/de\/urlaubsvorbereitung\/wo-essen\/am-wasser-essen\/#breadcrumb"},"inLanguage":"de","potentialAction":[{"@type":"ReadAction","target":["https:\/\/www.tourisme-tarn.com\/de\/urlaubsvorbereitung\/wo-essen\/am-wasser-essen\/"]}]},{"@type":"ImageObject","inLanguage":"de","@id":"https:\/\/www.tourisme-tarn.com\/de\/urlaubsvorbereitung\/wo-essen\/am-wasser-essen\/#primaryimage","url":"https:\/\/www.tourisme-tarn.com\/de\/wp-content\/uploads\/sites\/16\/2016\/09\/Pays_Albigeois2014\u00a9VentDautan-Mediart009.jpg","contentUrl":"https:\/\/www.tourisme-tarn.com\/de\/wp-content\/uploads\/sites\/16\/2016\/09\/Pays_Albigeois2014\u00a9VentDautan-Mediart009.jpg","width":1200,"height":600,"caption":"manger au bord de l'eau tarn"},{"@type":"BreadcrumbList","@id":"https:\/\/www.tourisme-tarn.com\/de\/urlaubsvorbereitung\/wo-essen\/am-wasser-essen\/#breadcrumb","itemListElement":[{"@type":"ListItem","position":1,"name":"Accueil","item":"https:\/\/www.tourisme-tarn.com\/de\/"},{"@type":"ListItem","position":2,"name":"Urlaubsvorbereitung","item":"https:\/\/www.tourisme-tarn.com\/de\/urlaubsvorbereitung\/"},{"@type":"ListItem","position":3,"name":"Wo essen ?","item":"https:\/\/www.tourisme-tarn.com\/de\/urlaubsvorbereitung\/wo-essen\/"},{"@type":"ListItem","position":4,"name":"am Wasser essen"}]},{"@type":"WebSite","@id":"https:\/\/www.tourisme-tarn.com\/de\/#website","url":"https:\/\/www.tourisme-tarn.com\/de\/","name":"DE : Tarn Tourisme","description":"Ideen und Inspirationen f\u00fcr Ihren Urlaub im Tarn","potentialAction":[{"@type":"SearchAction","target":{"@type":"EntryPoint","urlTemplate":"https:\/\/www.tourisme-tarn.com\/de\/?s={search_term_string}"},"query-input":"required name=search_term_string"}],"inLanguage":"de"}]}},"_links":{"self":[{"href":"https:\/\/www.tourisme-tarn.com\/de\/wp-json\/wp\/v2\/pages\/202"}],"collection":[{"href":"https:\/\/www.tourisme-tarn.com\/de\/wp-json\/wp\/v2\/pages"}],"about":[{"href":"https:\/\/www.tourisme-tarn.com\/de\/wp-json\/wp\/v2\/types\/page"}],"author":[{"embeddable":true,"href":"https:\/\/www.tourisme-tarn.com\/de\/wp-json\/wp\/v2\/users\/1"}],"replies":[{"embeddable":true,"href":"https:\/\/www.tourisme-tarn.com\/de\/wp-json\/wp\/v2\/comments?post=202"}],"version-history":[{"count":1,"href":"https:\/\/www.tourisme-tarn.com\/de\/wp-json\/wp\/v2\/pages\/202\/revisions"}],"predecessor-version":[{"id":290676,"href":"https:\/\/www.tourisme-tarn.com\/de\/wp-json\/wp\/v2\/pages\/202\/revisions\/290676"}],"up":[{"embeddable":true,"href":"https:\/\/www.tourisme-tarn.com\/de\/wp-json\/wp\/v2\/pages\/126"}],"wp:featuredmedia":[{"embeddable":true,"href":"https:\/\/www.tourisme-tarn.com\/de\/wp-json\/wp\/v2\/media\/4588"}],"wp:attachment":[{"href":"https:\/\/www.tourisme-tarn.com\/de\/wp-json\/wp\/v2\/media?parent=202"}],"wp:term":[{"taxonomy":"tourism-affinity","embeddable":true,"href":"https:\/\/www.tourisme-tarn.com\/de\/wp-json\/wp\/v2\/tourism-affinity?post=202"}],"curies":[{"name":"wp","href":"https:\/\/api.w.org\/{rel}","templated":true}]}}